{"id":474,"date":"2015-01-21T08:24:03","date_gmt":"2015-01-21T08:24:03","guid":{"rendered":"http:\/\/golden-sun.virtual-people.com.pl\/dla-wlascicieli-2\/"},"modified":"2017-01-30T10:19:04","modified_gmt":"2017-01-30T10:19:04","slug":"dla-wlascicieli","status":"publish","type":"page","link":"https:\/\/golden-sun.pl\/de\/dla-wlascicieli\/","title":{"rendered":"F\u00fcr Inhaber"},"content":{"rendered":"<div class=\"col-sm-12\">\n<h3>F\u00fcr Inhaber<\/h3>\n<p>Kontaktieren Sie uns bitte wenn Sie Interesse haben Ihr Apartment den anderen Leuten zu vermieten um damit Geld verdienen zu k\u00f6nnen.<\/p>\n<ul>\n<li>Golden Sun hat Erfahrung.<\/li>\n<li>Wir stehen Ihnen jederzeit gerne zur Verf\u00fcgung<\/li>\n<li>Wir garantieren die regelm\u00e4\u00dfigen Zahlungen. Die Abrechnung erfolgt einmal im Monat.<\/li>\n<li>Sie werden st\u00e4ndig \u00fcber neue Reservierungen und Mietzeitr\u00e4ume informiert.<\/li>\n<li>Zum Zeitpunkt, wenn Ihr Apartment nicht verwendet wird, k\u00f6nnen Sie es mieten um damit Geld zu verdienen.<\/li>\n<li>Wenn Sie Ihr Apartment in einem bestimmten Zeitraum im Jahr nutzen wollen, m\u00fcssen Sie uns dar\u00fcber informieren.<\/li>\n<li>Alle Wohnungen, die auf unserer Website pr\u00e4sentiert sie, k\u00f6nnen Sie 365 Tage im Jahr reservieren.<\/li>\n<\/ul>\n<p>&nbsp;<\/p>\n<\/div>\n","protected":false},"excerpt":{"rendered":"<p>F\u00fcr Inhaber Kontaktieren Sie uns bitte wenn Sie Interesse haben Ihr Apartment den anderen Leuten zu vermieten um damit Geld verdienen zu k\u00f6nnen. Golden Sun hat Erfahrung. Wir stehen Ihnen jederzeit gerne zur Verf\u00fcgung Wir garantieren die regelm\u00e4\u00dfigen Zahlungen. Die Abrechnung erfolgt einmal im Monat. Sie werden st\u00e4ndig \u00fcber neue Reservierungen und Mietzeitr\u00e4ume informiert. Zum [&hellip;]<\/p>\n","protected":false},"author":4,"featured_media":208,"parent":0,"menu_order":0,"comment_status":"open","ping_status":"open","template":"","meta":[],"acf":[],"yoast_head":"<!-- This site is optimized with the Yoast SEO plugin v18.0 - https:\/\/yoast.com\/wordpress\/plugins\/seo\/ -->\n<title>F\u00fcr Inhaber - Golden Sun - Apartments am Meer in Kolberg. Die besten Preise.<\/title>\n<meta name=\"robots\" content=\"index, follow, max-snippet:-1, max-image-preview:large, max-video-preview:-1\" \/>\n<link rel=\"canonical\" href=\"https:\/\/golden-sun.pl\/de\/dla-wlascicieli\/\" \/>\n<meta property=\"og:locale\" content=\"de_DE\" \/>\n<meta property=\"og:type\" content=\"article\" \/>\n<meta property=\"og:title\" content=\"F\u00fcr Inhaber - Golden Sun - Apartments am Meer in Kolberg. Die besten Preise.\" \/>\n<meta property=\"og:description\" content=\"F\u00fcr Inhaber Kontaktieren Sie uns bitte wenn Sie Interesse haben Ihr Apartment den anderen Leuten zu vermieten um damit Geld verdienen zu k\u00f6nnen. Golden Sun hat Erfahrung. Wir stehen Ihnen jederzeit gerne zur Verf\u00fcgung Wir garantieren die regelm\u00e4\u00dfigen Zahlungen. Die Abrechnung erfolgt einmal im Monat. Sie werden st\u00e4ndig \u00fcber neue Reservierungen und Mietzeitr\u00e4ume informiert. Zum [&hellip;]\" \/>\n<meta property=\"og:url\" content=\"https:\/\/golden-sun.pl\/de\/dla-wlascicieli\/\" \/>\n<meta property=\"og:site_name\" content=\"Golden Sun - Apartments am Meer in Kolberg. Die besten Preise.\" \/>\n<meta property=\"article:modified_time\" content=\"2017-01-30T10:19:04+00:00\" \/>\n<meta property=\"og:image\" content=\"https:\/\/golden-sun.pl\/wp-content\/uploads\/2015\/01\/dlawlascicieli.jpg\" \/>\n\t<meta property=\"og:image:width\" content=\"1100\" \/>\n\t<meta property=\"og:image:height\" content=\"304\" \/>\n\t<meta property=\"og:image:type\" content=\"image\/jpeg\" \/>\n<meta name=\"twitter:label1\" content=\"Gesch\u00e4tzte Lesezeit\" \/>\n\t<meta name=\"twitter:data1\" content=\"1\u00a0Minute\" \/>\n<script type=\"application\/ld+json\" class=\"yoast-schema-graph\">{\"@context\":\"https:\/\/schema.org\",\"@graph\":[{\"@type\":\"WebSite\",\"@id\":\"https:\/\/golden-sun.pl\/#website\",\"url\":\"https:\/\/golden-sun.pl\/\",\"name\":\"Golden Sun - Apartments am Meer in Kolberg. Die besten Preise.\",\"description\":\"\",\"potentialAction\":[{\"@type\":\"SearchAction\",\"target\":{\"@type\":\"EntryPoint\",\"urlTemplate\":\"https:\/\/golden-sun.pl\/?s={search_term_string}\"},\"query-input\":\"required name=search_term_string\"}],\"inLanguage\":\"de\"},{\"@type\":\"ImageObject\",\"@id\":\"https:\/\/golden-sun.pl\/de\/dla-wlascicieli\/#primaryimage\",\"inLanguage\":\"de\",\"url\":\"https:\/\/golden-sun.pl\/wp-content\/uploads\/2015\/01\/dlawlascicieli.jpg\",\"contentUrl\":\"https:\/\/golden-sun.pl\/wp-content\/uploads\/2015\/01\/dlawlascicieli.jpg\",\"width\":1100,\"height\":304},{\"@type\":\"WebPage\",\"@id\":\"https:\/\/golden-sun.pl\/de\/dla-wlascicieli\/#webpage\",\"url\":\"https:\/\/golden-sun.pl\/de\/dla-wlascicieli\/\",\"name\":\"F\u00fcr Inhaber - Golden Sun - Apartments am Meer in Kolberg. Die besten Preise.\",\"isPartOf\":{\"@id\":\"https:\/\/golden-sun.pl\/#website\"},\"primaryImageOfPage\":{\"@id\":\"https:\/\/golden-sun.pl\/de\/dla-wlascicieli\/#primaryimage\"},\"datePublished\":\"2015-01-21T08:24:03+00:00\",\"dateModified\":\"2017-01-30T10:19:04+00:00\",\"breadcrumb\":{\"@id\":\"https:\/\/golden-sun.pl\/de\/dla-wlascicieli\/#breadcrumb\"},\"inLanguage\":\"de\",\"potentialAction\":[{\"@type\":\"ReadAction\",\"target\":[\"https:\/\/golden-sun.pl\/de\/dla-wlascicieli\/\"]}]},{\"@type\":\"BreadcrumbList\",\"@id\":\"https:\/\/golden-sun.pl\/de\/dla-wlascicieli\/#breadcrumb\",\"itemListElement\":[{\"@type\":\"ListItem\",\"position\":1,\"name\":\"Strona g\u0142\u00f3wna\",\"item\":\"https:\/\/golden-sun.pl\/de\/\"},{\"@type\":\"ListItem\",\"position\":2,\"name\":\"F\u00fcr Inhaber\"}]}]}<\/script>\n<!-- \/ Yoast SEO plugin. -->","yoast_head_json":{"title":"F\u00fcr Inhaber - Golden Sun - Apartments am Meer in Kolberg. Die besten Preise.","robots":{"index":"index","follow":"follow","max-snippet":"max-snippet:-1","max-image-preview":"max-image-preview:large","max-video-preview":"max-video-preview:-1"},"canonical":"https:\/\/golden-sun.pl\/de\/dla-wlascicieli\/","og_locale":"de_DE","og_type":"article","og_title":"F\u00fcr Inhaber - Golden Sun - Apartments am Meer in Kolberg. Die besten Preise.","og_description":"F\u00fcr Inhaber Kontaktieren Sie uns bitte wenn Sie Interesse haben Ihr Apartment den anderen Leuten zu vermieten um damit Geld verdienen zu k\u00f6nnen. Golden Sun hat Erfahrung. Wir stehen Ihnen jederzeit gerne zur Verf\u00fcgung Wir garantieren die regelm\u00e4\u00dfigen Zahlungen. Die Abrechnung erfolgt einmal im Monat. Sie werden st\u00e4ndig \u00fcber neue Reservierungen und Mietzeitr\u00e4ume informiert. Zum [&hellip;]","og_url":"https:\/\/golden-sun.pl\/de\/dla-wlascicieli\/","og_site_name":"Golden Sun - Apartments am Meer in Kolberg. Die besten Preise.","article_modified_time":"2017-01-30T10:19:04+00:00","og_image":[{"width":1100,"height":304,"url":"https:\/\/golden-sun.pl\/wp-content\/uploads\/2015\/01\/dlawlascicieli.jpg","type":"image\/jpeg"}],"twitter_misc":{"Gesch\u00e4tzte Lesezeit":"1\u00a0Minute"},"schema":{"@context":"https:\/\/schema.org","@graph":[{"@type":"WebSite","@id":"https:\/\/golden-sun.pl\/#website","url":"https:\/\/golden-sun.pl\/","name":"Golden Sun - Apartments am Meer in Kolberg. Die besten Preise.","description":"","potentialAction":[{"@type":"SearchAction","target":{"@type":"EntryPoint","urlTemplate":"https:\/\/golden-sun.pl\/?s={search_term_string}"},"query-input":"required name=search_term_string"}],"inLanguage":"de"},{"@type":"ImageObject","@id":"https:\/\/golden-sun.pl\/de\/dla-wlascicieli\/#primaryimage","inLanguage":"de","url":"https:\/\/golden-sun.pl\/wp-content\/uploads\/2015\/01\/dlawlascicieli.jpg","contentUrl":"https:\/\/golden-sun.pl\/wp-content\/uploads\/2015\/01\/dlawlascicieli.jpg","width":1100,"height":304},{"@type":"WebPage","@id":"https:\/\/golden-sun.pl\/de\/dla-wlascicieli\/#webpage","url":"https:\/\/golden-sun.pl\/de\/dla-wlascicieli\/","name":"F\u00fcr Inhaber - Golden Sun - Apartments am Meer in Kolberg. Die besten Preise.","isPartOf":{"@id":"https:\/\/golden-sun.pl\/#website"},"primaryImageOfPage":{"@id":"https:\/\/golden-sun.pl\/de\/dla-wlascicieli\/#primaryimage"},"datePublished":"2015-01-21T08:24:03+00:00","dateModified":"2017-01-30T10:19:04+00:00","breadcrumb":{"@id":"https:\/\/golden-sun.pl\/de\/dla-wlascicieli\/#breadcrumb"},"inLanguage":"de","potentialAction":[{"@type":"ReadAction","target":["https:\/\/golden-sun.pl\/de\/dla-wlascicieli\/"]}]},{"@type":"BreadcrumbList","@id":"https:\/\/golden-sun.pl\/de\/dla-wlascicieli\/#breadcrumb","itemListElement":[{"@type":"ListItem","position":1,"name":"Strona g\u0142\u00f3wna","item":"https:\/\/golden-sun.pl\/de\/"},{"@type":"ListItem","position":2,"name":"F\u00fcr Inhaber"}]}]}},"_links":{"self":[{"href":"https:\/\/golden-sun.pl\/de\/wp-json\/wp\/v2\/pages\/474"}],"collection":[{"href":"https:\/\/golden-sun.pl\/de\/wp-json\/wp\/v2\/pages"}],"about":[{"href":"https:\/\/golden-sun.pl\/de\/wp-json\/wp\/v2\/types\/page"}],"author":[{"embeddable":true,"href":"https:\/\/golden-sun.pl\/de\/wp-json\/wp\/v2\/users\/4"}],"replies":[{"embeddable":true,"href":"https:\/\/golden-sun.pl\/de\/wp-json\/wp\/v2\/comments?post=474"}],"version-history":[{"count":3,"href":"https:\/\/golden-sun.pl\/de\/wp-json\/wp\/v2\/pages\/474\/revisions"}],"predecessor-version":[{"id":735,"href":"https:\/\/golden-sun.pl\/de\/wp-json\/wp\/v2\/pages\/474\/revisions\/735"}],"wp:featuredmedia":[{"embeddable":true,"href":"https:\/\/golden-sun.pl\/de\/wp-json\/wp\/v2\/media\/208"}],"wp:attachment":[{"href":"https:\/\/golden-sun.pl\/de\/wp-json\/wp\/v2\/media?parent=474"}],"curies":[{"name":"wp","href":"https:\/\/api.w.org\/{rel}","templated":true}]}}