{"id":484,"date":"2015-01-21T08:23:44","date_gmt":"2015-01-21T08:23:44","guid":{"rendered":"http:\/\/golden-sun.virtual-people.com.pl\/kolobrzeg-2\/"},"modified":"2017-01-30T10:20:19","modified_gmt":"2017-01-30T10:20:19","slug":"kolobrzeg","status":"publish","type":"page","link":"https:\/\/golden-sun.pl\/de\/kolobrzeg\/","title":{"rendered":"Wundersch\u00f6ne Stadt Kolberg"},"content":{"rendered":"<div class=\"col-sm-7\">\n<h3>Kolberg &#8211; die am meisten besuchte Stadt am Meer in Polen.<\/h3>\n<p>Diese Stadt ist den Leuten gewidmet, <a href=\"http:\/\/www.cialisgeneriquefr24.com\/\">cialis generique<\/a> die einen aktiven Urlaub verbringen wollen und damit viel Spa\u00df haben. Insbesondere in der  Sommersaison gibt es hier viele Feste und kulturelle Veranstaltungen. Hier langweilt sich niemand! Eine gro\u00dfe Auswahl von Restaurants, wo Sie k\u00f6stlich lokale Spezialit\u00e4ten essen k\u00f6nnen beim bei sch\u00f6nem Wetter. <\/p>\n<p>Ko\u0142obrzeg keine Industrieregion. <\/p>\n<p>Viele Leute kommen hierher wegen der medizinischen Gr\u00fcnden &#8211; ein gro\u00dfes Einfluss der Meeresklima<\/p>\n<\/div>\n<div class=\"col-sm-5\"><img src=\"\/wp-content\/uploads\/2015\/01\/t1.jpg\" alt=\"statek\" class=\"img-responsive\" \/><\/div>\n<div class=\"col-sm-12\">\n<hr \/>\n<\/div>\n<div class=\"col-sm-12\">\n<h3 class=\"text-center\">Sehensw\u00fcrdigkeiten und Attraktionen in Kolberg<\/h3>\n<\/div>\n","protected":false},"excerpt":{"rendered":"<p>Kolberg &#8211; die am meisten besuchte Stadt am Meer in Polen. Diese Stadt ist den Leuten gewidmet, cialis generique die einen aktiven Urlaub verbringen wollen und damit viel Spa\u00df haben. Insbesondere in der Sommersaison gibt es hier viele Feste und kulturelle Veranstaltungen. Hier langweilt sich niemand! Eine gro\u00dfe Auswahl von Restaurants, wo Sie k\u00f6stlich lokale [&hellip;]<\/p>\n","protected":false},"author":4,"featured_media":408,"parent":0,"menu_order":0,"comment_status":"open","ping_status":"open","template":"","meta":[],"acf":[],"yoast_head":"<!-- This site is optimized with the Yoast SEO plugin v18.0 - https:\/\/yoast.com\/wordpress\/plugins\/seo\/ -->\n<title>Wundersch\u00f6ne Stadt Kolberg - Golden Sun - Apartments am Meer in Kolberg. Die besten Preise.<\/title>\n<meta name=\"robots\" content=\"index, follow, max-snippet:-1, max-image-preview:large, max-video-preview:-1\" \/>\n<link rel=\"canonical\" href=\"https:\/\/golden-sun.pl\/de\/kolobrzeg\/\" \/>\n<meta property=\"og:locale\" content=\"de_DE\" \/>\n<meta property=\"og:type\" content=\"article\" \/>\n<meta property=\"og:title\" content=\"Wundersch\u00f6ne Stadt Kolberg - Golden Sun - Apartments am Meer in Kolberg. Die besten Preise.\" \/>\n<meta property=\"og:description\" content=\"Kolberg &#8211; die am meisten besuchte Stadt am Meer in Polen. Diese Stadt ist den Leuten gewidmet, cialis generique die einen aktiven Urlaub verbringen wollen und damit viel Spa\u00df haben. Insbesondere in der Sommersaison gibt es hier viele Feste und kulturelle Veranstaltungen. Hier langweilt sich niemand! Eine gro\u00dfe Auswahl von Restaurants, wo Sie k\u00f6stlich lokale [&hellip;]\" \/>\n<meta property=\"og:url\" content=\"https:\/\/golden-sun.pl\/de\/kolobrzeg\/\" \/>\n<meta property=\"og:site_name\" content=\"Golden Sun - Apartments am Meer in Kolberg. Die besten Preise.\" \/>\n<meta property=\"article:modified_time\" content=\"2017-01-30T10:20:19+00:00\" \/>\n<meta property=\"og:image\" content=\"https:\/\/golden-sun.pl\/wp-content\/uploads\/2015\/01\/t2.jpg\" \/>\n\t<meta property=\"og:image:width\" content=\"1100\" \/>\n\t<meta property=\"og:image:height\" content=\"304\" \/>\n\t<meta property=\"og:image:type\" content=\"image\/jpeg\" \/>\n<script type=\"application\/ld+json\" class=\"yoast-schema-graph\">{\"@context\":\"https:\/\/schema.org\",\"@graph\":[{\"@type\":\"WebSite\",\"@id\":\"https:\/\/golden-sun.pl\/#website\",\"url\":\"https:\/\/golden-sun.pl\/\",\"name\":\"Golden Sun - Apartments am Meer in Kolberg. Die besten Preise.\",\"description\":\"\",\"potentialAction\":[{\"@type\":\"SearchAction\",\"target\":{\"@type\":\"EntryPoint\",\"urlTemplate\":\"https:\/\/golden-sun.pl\/?s={search_term_string}\"},\"query-input\":\"required name=search_term_string\"}],\"inLanguage\":\"de\"},{\"@type\":\"ImageObject\",\"@id\":\"https:\/\/golden-sun.pl\/de\/kolobrzeg\/#primaryimage\",\"inLanguage\":\"de\",\"url\":\"https:\/\/golden-sun.pl\/wp-content\/uploads\/2015\/01\/t2.jpg\",\"contentUrl\":\"https:\/\/golden-sun.pl\/wp-content\/uploads\/2015\/01\/t2.jpg\",\"width\":1100,\"height\":304},{\"@type\":\"WebPage\",\"@id\":\"https:\/\/golden-sun.pl\/de\/kolobrzeg\/#webpage\",\"url\":\"https:\/\/golden-sun.pl\/de\/kolobrzeg\/\",\"name\":\"Wundersch\u00f6ne Stadt Kolberg - Golden Sun - Apartments am Meer in Kolberg. Die besten Preise.\",\"isPartOf\":{\"@id\":\"https:\/\/golden-sun.pl\/#website\"},\"primaryImageOfPage\":{\"@id\":\"https:\/\/golden-sun.pl\/de\/kolobrzeg\/#primaryimage\"},\"datePublished\":\"2015-01-21T08:23:44+00:00\",\"dateModified\":\"2017-01-30T10:20:19+00:00\",\"breadcrumb\":{\"@id\":\"https:\/\/golden-sun.pl\/de\/kolobrzeg\/#breadcrumb\"},\"inLanguage\":\"de\",\"potentialAction\":[{\"@type\":\"ReadAction\",\"target\":[\"https:\/\/golden-sun.pl\/de\/kolobrzeg\/\"]}]},{\"@type\":\"BreadcrumbList\",\"@id\":\"https:\/\/golden-sun.pl\/de\/kolobrzeg\/#breadcrumb\",\"itemListElement\":[{\"@type\":\"ListItem\",\"position\":1,\"name\":\"Strona g\u0142\u00f3wna\",\"item\":\"https:\/\/golden-sun.pl\/de\/\"},{\"@type\":\"ListItem\",\"position\":2,\"name\":\"Wundersch\u00f6ne Stadt Kolberg\"}]}]}<\/script>\n<!-- \/ Yoast SEO plugin. -->","yoast_head_json":{"title":"Wundersch\u00f6ne Stadt Kolberg - Golden Sun - Apartments am Meer in Kolberg. Die besten Preise.","robots":{"index":"index","follow":"follow","max-snippet":"max-snippet:-1","max-image-preview":"max-image-preview:large","max-video-preview":"max-video-preview:-1"},"canonical":"https:\/\/golden-sun.pl\/de\/kolobrzeg\/","og_locale":"de_DE","og_type":"article","og_title":"Wundersch\u00f6ne Stadt Kolberg - Golden Sun - Apartments am Meer in Kolberg. Die besten Preise.","og_description":"Kolberg &#8211; die am meisten besuchte Stadt am Meer in Polen. Diese Stadt ist den Leuten gewidmet, cialis generique die einen aktiven Urlaub verbringen wollen und damit viel Spa\u00df haben. Insbesondere in der Sommersaison gibt es hier viele Feste und kulturelle Veranstaltungen. Hier langweilt sich niemand! Eine gro\u00dfe Auswahl von Restaurants, wo Sie k\u00f6stlich lokale [&hellip;]","og_url":"https:\/\/golden-sun.pl\/de\/kolobrzeg\/","og_site_name":"Golden Sun - Apartments am Meer in Kolberg. Die besten Preise.","article_modified_time":"2017-01-30T10:20:19+00:00","og_image":[{"width":1100,"height":304,"url":"https:\/\/golden-sun.pl\/wp-content\/uploads\/2015\/01\/t2.jpg","type":"image\/jpeg"}],"schema":{"@context":"https:\/\/schema.org","@graph":[{"@type":"WebSite","@id":"https:\/\/golden-sun.pl\/#website","url":"https:\/\/golden-sun.pl\/","name":"Golden Sun - Apartments am Meer in Kolberg. Die besten Preise.","description":"","potentialAction":[{"@type":"SearchAction","target":{"@type":"EntryPoint","urlTemplate":"https:\/\/golden-sun.pl\/?s={search_term_string}"},"query-input":"required name=search_term_string"}],"inLanguage":"de"},{"@type":"ImageObject","@id":"https:\/\/golden-sun.pl\/de\/kolobrzeg\/#primaryimage","inLanguage":"de","url":"https:\/\/golden-sun.pl\/wp-content\/uploads\/2015\/01\/t2.jpg","contentUrl":"https:\/\/golden-sun.pl\/wp-content\/uploads\/2015\/01\/t2.jpg","width":1100,"height":304},{"@type":"WebPage","@id":"https:\/\/golden-sun.pl\/de\/kolobrzeg\/#webpage","url":"https:\/\/golden-sun.pl\/de\/kolobrzeg\/","name":"Wundersch\u00f6ne Stadt Kolberg - Golden Sun - Apartments am Meer in Kolberg. Die besten Preise.","isPartOf":{"@id":"https:\/\/golden-sun.pl\/#website"},"primaryImageOfPage":{"@id":"https:\/\/golden-sun.pl\/de\/kolobrzeg\/#primaryimage"},"datePublished":"2015-01-21T08:23:44+00:00","dateModified":"2017-01-30T10:20:19+00:00","breadcrumb":{"@id":"https:\/\/golden-sun.pl\/de\/kolobrzeg\/#breadcrumb"},"inLanguage":"de","potentialAction":[{"@type":"ReadAction","target":["https:\/\/golden-sun.pl\/de\/kolobrzeg\/"]}]},{"@type":"BreadcrumbList","@id":"https:\/\/golden-sun.pl\/de\/kolobrzeg\/#breadcrumb","itemListElement":[{"@type":"ListItem","position":1,"name":"Strona g\u0142\u00f3wna","item":"https:\/\/golden-sun.pl\/de\/"},{"@type":"ListItem","position":2,"name":"Wundersch\u00f6ne Stadt Kolberg"}]}]}},"_links":{"self":[{"href":"https:\/\/golden-sun.pl\/de\/wp-json\/wp\/v2\/pages\/484"}],"collection":[{"href":"https:\/\/golden-sun.pl\/de\/wp-json\/wp\/v2\/pages"}],"about":[{"href":"https:\/\/golden-sun.pl\/de\/wp-json\/wp\/v2\/types\/page"}],"author":[{"embeddable":true,"href":"https:\/\/golden-sun.pl\/de\/wp-json\/wp\/v2\/users\/4"}],"replies":[{"embeddable":true,"href":"https:\/\/golden-sun.pl\/de\/wp-json\/wp\/v2\/comments?post=484"}],"version-history":[{"count":8,"href":"https:\/\/golden-sun.pl\/de\/wp-json\/wp\/v2\/pages\/484\/revisions"}],"predecessor-version":[{"id":2884,"href":"https:\/\/golden-sun.pl\/de\/wp-json\/wp\/v2\/pages\/484\/revisions\/2884"}],"wp:featuredmedia":[{"embeddable":true,"href":"https:\/\/golden-sun.pl\/de\/wp-json\/wp\/v2\/media\/408"}],"wp:attachment":[{"href":"https:\/\/golden-sun.pl\/de\/wp-json\/wp\/v2\/media?parent=484"}],"curies":[{"name":"wp","href":"https:\/\/api.w.org\/{rel}","templated":true}]}}