{"id":488,"date":"2015-01-21T08:23:55","date_gmt":"2015-01-21T08:23:55","guid":{"rendered":"http:\/\/golden-sun.virtual-people.com.pl\/o-firmie-2\/"},"modified":"2016-12-31T06:23:32","modified_gmt":"2016-12-31T06:23:32","slug":"o-firmie","status":"publish","type":"page","link":"https:\/\/golden-sun.pl\/de\/o-firmie\/","title":{"rendered":"\u00dcber uns"},"content":{"rendered":"<div class=\"col-sm-12\">\n<h3>Entdecken Sie Kolberg mit GOLDEN SUN<\/h3>\n<p>Golden Sun wird vor allem diejenigen gewidmet, die einen sicheren Urlaub verbringen wollen und die h\u00f6chste Dienstleistungsqualit\u00e4t zu geniessen. Nur bei uns finden Sie die besten Apartments in der besten Lage.  <\/p>\n<p>Unsere Vermietungsangebote werden immer komplex und professional vorbereitet, nach den individualen W\u00fcnschen des Apartmentsbesitzers. Dank unserer intensiven Aktivit\u00e4ten im Marketing- und Online-Werbung-Branche, die Appartamente sind f\u00fcr mehr potenzielle Kunden im Internet sichtbar.<\/p>\n    <div class=\"panel-group\" id=\"accordion\" role=\"tablist\" aria-multiselectable=\"true\">\n            <div class=\"panel panel-goldensun\">\n        <div class=\"panel-heading\" role=\"tab\" id=\"headingOne\">\n            <h4 class=\"panel-title\">\n                <a data-toggle=\"collapse\" data-parent=\"#accordion\"\n                   href=\"#sichere_buchung\" aria-expanded=\"true\"\n                   aria-controls=\"sichere_buchung\">\n                    Sichere Buchung                <\/a>\n            <\/h4>\n        <\/div>\n        <div id=\"sichere_buchung\" class=\"panel-collapse collapse\"\n             role=\"tabpanel\" aria-labelledby=\"sichere_buchung\">\n            <div class=\"panel-body\">\n                <\/p>\n<div class=\"col-sm-9\">\n<p>Wir bieten Ihnen eine schnelle und sichere Buchung an. Unser innovativer Preisrechner hilft Ihnen, die Anzahl von Tagen und Gesamtkosten der Reservierung zu bestimmen. Nach dem Absenden Ihrer Anfrage, werden wir Sie per Telefon bzw. ueber E-Mail kontaktieren, um die Zahlungsform zu vereinbaren.<\/p>\n<\/div>\n<div class=\"col-sm-3\"><img class=\"img-responsive\" src=\"\/wp-content\/uploads\/2015\/01\/shield1.png\" alt=\"shield\" \/><\/div>\n<p>            <\/div>\n        <\/div>\n    <\/div>\n        <div class=\"panel panel-goldensun\">\n        <div class=\"panel-heading\" role=\"tab\" id=\"headingOne\">\n            <h4 class=\"panel-title\">\n                <a data-toggle=\"collapse\" data-parent=\"#accordion\"\n                   href=\"#h\u00f6chste_qualit\u00e4t\" aria-expanded=\"true\"\n                   aria-controls=\"h\u00f6chste_qualit\u00e4t\">\n                    H\u00f6chste Qualit\u00e4t                <\/a>\n            <\/h4>\n        <\/div>\n        <div id=\"h\u00f6chste_qualit\u00e4t\" class=\"panel-collapse collapse\"\n             role=\"tabpanel\" aria-labelledby=\"h\u00f6chste_qualit\u00e4t\">\n            <div class=\"panel-body\">\n                <\/p>\n<div class=\"col-sm-9\">\n<p>Golden Sun bedeutet die h\u00f6chste Qualit\u00e4t f\u00fcr die G\u00e4ste und unsere Gesch\u00e4ftspartner. Wir haben langj\u00e4hrige Erfahrung in der Tourismusbranche und Organisation von Urlaub am Meer. Wir bieten die <a href=\"https:\/\/www.acheterviagrafr24.com\/\">acheter viagra<\/a> besten Appartments mit dem h\u00f6chsten europ\u00e4ischen Standard an, die in der N\u00e4he vom Strand und Stadtcentrum lokalisiert werden. Unsere regelm\u00e4\u00dfige Reinigungskontrollen garantieren die h\u00f6chste Qualit\u00e4tsstandard!<\/p>\n<\/div>\n<div class=\"col-sm-3\"><img class=\"img-responsive\" src=\"\/wp-content\/uploads\/2015\/01\/wstega.png\" alt=\"shield\" \/><\/div>\n<p>            <\/div>\n        <\/div>\n    <\/div>\n        <div class=\"panel panel-goldensun\">\n        <div class=\"panel-heading\" role=\"tab\" id=\"headingOne\">\n            <h4 class=\"panel-title\">\n                <a data-toggle=\"collapse\" data-parent=\"#accordion\"\n                   href=\"#der_beste_preis\" aria-expanded=\"true\"\n                   aria-controls=\"der_beste_preis\">\n                    Der beste Preis                <\/a>\n            <\/h4>\n        <\/div>\n        <div id=\"der_beste_preis\" class=\"panel-collapse collapse\"\n             role=\"tabpanel\" aria-labelledby=\"der_beste_preis\">\n            <div class=\"panel-body\">\n                <\/p>\n<div class=\"col-sm-9\">\n<p>Dank dem, dass unsere Apartments in einer Kette verbunden sind und von einem Unternehmen verwaltet werden, koennen wir unseren Kunden immer den besten Preis anbieten! Unsere intensive Aktivit\u00e4ten im Marketingbereich sowie auch Kampagnien im Internet machen die Apartments f\u00fcr die potenziellen Kunden sichtbarer.<\/p>\n<\/div>\n<div class=\"col-sm-3\"><img class=\"img-responsive\" src=\"\/wp-content\/uploads\/2015\/01\/moneybig.png\" alt=\"shield\" \/><\/div>\n<p>            <\/div>\n        <\/div>\n    <\/div>\n        <\/div>\n    \n<\/div>\n","protected":false},"excerpt":{"rendered":"<p>Entdecken Sie Kolberg mit GOLDEN SUN Golden Sun wird vor allem diejenigen gewidmet, die einen sicheren Urlaub verbringen wollen und die h\u00f6chste Dienstleistungsqualit\u00e4t zu geniessen. Nur bei uns finden Sie die besten Apartments in der besten Lage. Unsere Vermietungsangebote werden immer komplex und professional vorbereitet, nach den individualen W\u00fcnschen des Apartmentsbesitzers. Dank unserer intensiven Aktivit\u00e4ten [&hellip;]<\/p>\n","protected":false},"author":4,"featured_media":178,"parent":0,"menu_order":0,"comment_status":"open","ping_status":"open","template":"","meta":[],"acf":[],"yoast_head":"<!-- This site is optimized with the Yoast SEO plugin v18.0 - https:\/\/yoast.com\/wordpress\/plugins\/seo\/ -->\n<title>\u00dcber uns - Golden Sun - Apartments am Meer in Kolberg. Die besten Preise.<\/title>\n<meta name=\"robots\" content=\"index, follow, max-snippet:-1, max-image-preview:large, max-video-preview:-1\" \/>\n<link rel=\"canonical\" href=\"https:\/\/golden-sun.pl\/de\/o-firmie\/\" \/>\n<meta property=\"og:locale\" content=\"de_DE\" \/>\n<meta property=\"og:type\" content=\"article\" \/>\n<meta property=\"og:title\" content=\"\u00dcber uns - Golden Sun - Apartments am Meer in Kolberg. Die besten Preise.\" \/>\n<meta property=\"og:description\" content=\"Entdecken Sie Kolberg mit GOLDEN SUN Golden Sun wird vor allem diejenigen gewidmet, die einen sicheren Urlaub verbringen wollen und die h\u00f6chste Dienstleistungsqualit\u00e4t zu geniessen. Nur bei uns finden Sie die besten Apartments in der besten Lage. Unsere Vermietungsangebote werden immer komplex und professional vorbereitet, nach den individualen W\u00fcnschen des Apartmentsbesitzers. Dank unserer intensiven Aktivit\u00e4ten [&hellip;]\" \/>\n<meta property=\"og:url\" content=\"https:\/\/golden-sun.pl\/de\/o-firmie\/\" \/>\n<meta property=\"og:site_name\" content=\"Golden Sun - Apartments am Meer in Kolberg. Die besten Preise.\" \/>\n<meta property=\"article:modified_time\" content=\"2016-12-31T06:23:32+00:00\" \/>\n<meta property=\"og:image\" content=\"https:\/\/golden-sun.pl\/wp-content\/uploads\/2015\/01\/o-firmie.jpg\" \/>\n\t<meta property=\"og:image:width\" content=\"1100\" \/>\n\t<meta property=\"og:image:height\" content=\"304\" \/>\n\t<meta property=\"og:image:type\" content=\"image\/jpeg\" \/>\n<meta name=\"twitter:label1\" content=\"Gesch\u00e4tzte Lesezeit\" \/>\n\t<meta name=\"twitter:data1\" content=\"1\u00a0Minute\" \/>\n<script type=\"application\/ld+json\" class=\"yoast-schema-graph\">{\"@context\":\"https:\/\/schema.org\",\"@graph\":[{\"@type\":\"WebSite\",\"@id\":\"https:\/\/golden-sun.pl\/#website\",\"url\":\"https:\/\/golden-sun.pl\/\",\"name\":\"Golden Sun - Apartments am Meer in Kolberg. Die besten Preise.\",\"description\":\"\",\"potentialAction\":[{\"@type\":\"SearchAction\",\"target\":{\"@type\":\"EntryPoint\",\"urlTemplate\":\"https:\/\/golden-sun.pl\/?s={search_term_string}\"},\"query-input\":\"required name=search_term_string\"}],\"inLanguage\":\"de\"},{\"@type\":\"ImageObject\",\"@id\":\"https:\/\/golden-sun.pl\/de\/o-firmie\/#primaryimage\",\"inLanguage\":\"de\",\"url\":\"https:\/\/golden-sun.pl\/wp-content\/uploads\/2015\/01\/o-firmie.jpg\",\"contentUrl\":\"https:\/\/golden-sun.pl\/wp-content\/uploads\/2015\/01\/o-firmie.jpg\",\"width\":1100,\"height\":304},{\"@type\":\"WebPage\",\"@id\":\"https:\/\/golden-sun.pl\/de\/o-firmie\/#webpage\",\"url\":\"https:\/\/golden-sun.pl\/de\/o-firmie\/\",\"name\":\"\u00dcber uns - Golden Sun - Apartments am Meer in Kolberg. Die besten Preise.\",\"isPartOf\":{\"@id\":\"https:\/\/golden-sun.pl\/#website\"},\"primaryImageOfPage\":{\"@id\":\"https:\/\/golden-sun.pl\/de\/o-firmie\/#primaryimage\"},\"datePublished\":\"2015-01-21T08:23:55+00:00\",\"dateModified\":\"2016-12-31T06:23:32+00:00\",\"breadcrumb\":{\"@id\":\"https:\/\/golden-sun.pl\/de\/o-firmie\/#breadcrumb\"},\"inLanguage\":\"de\",\"potentialAction\":[{\"@type\":\"ReadAction\",\"target\":[\"https:\/\/golden-sun.pl\/de\/o-firmie\/\"]}]},{\"@type\":\"BreadcrumbList\",\"@id\":\"https:\/\/golden-sun.pl\/de\/o-firmie\/#breadcrumb\",\"itemListElement\":[{\"@type\":\"ListItem\",\"position\":1,\"name\":\"Strona g\u0142\u00f3wna\",\"item\":\"https:\/\/golden-sun.pl\/de\/\"},{\"@type\":\"ListItem\",\"position\":2,\"name\":\"\u00dcber uns\"}]}]}<\/script>\n<!-- \/ Yoast SEO plugin. -->","yoast_head_json":{"title":"\u00dcber uns - Golden Sun - Apartments am Meer in Kolberg. Die besten Preise.","robots":{"index":"index","follow":"follow","max-snippet":"max-snippet:-1","max-image-preview":"max-image-preview:large","max-video-preview":"max-video-preview:-1"},"canonical":"https:\/\/golden-sun.pl\/de\/o-firmie\/","og_locale":"de_DE","og_type":"article","og_title":"\u00dcber uns - Golden Sun - Apartments am Meer in Kolberg. Die besten Preise.","og_description":"Entdecken Sie Kolberg mit GOLDEN SUN Golden Sun wird vor allem diejenigen gewidmet, die einen sicheren Urlaub verbringen wollen und die h\u00f6chste Dienstleistungsqualit\u00e4t zu geniessen. Nur bei uns finden Sie die besten Apartments in der besten Lage. Unsere Vermietungsangebote werden immer komplex und professional vorbereitet, nach den individualen W\u00fcnschen des Apartmentsbesitzers. Dank unserer intensiven Aktivit\u00e4ten [&hellip;]","og_url":"https:\/\/golden-sun.pl\/de\/o-firmie\/","og_site_name":"Golden Sun - Apartments am Meer in Kolberg. Die besten Preise.","article_modified_time":"2016-12-31T06:23:32+00:00","og_image":[{"width":1100,"height":304,"url":"https:\/\/golden-sun.pl\/wp-content\/uploads\/2015\/01\/o-firmie.jpg","type":"image\/jpeg"}],"twitter_misc":{"Gesch\u00e4tzte Lesezeit":"1\u00a0Minute"},"schema":{"@context":"https:\/\/schema.org","@graph":[{"@type":"WebSite","@id":"https:\/\/golden-sun.pl\/#website","url":"https:\/\/golden-sun.pl\/","name":"Golden Sun - Apartments am Meer in Kolberg. Die besten Preise.","description":"","potentialAction":[{"@type":"SearchAction","target":{"@type":"EntryPoint","urlTemplate":"https:\/\/golden-sun.pl\/?s={search_term_string}"},"query-input":"required name=search_term_string"}],"inLanguage":"de"},{"@type":"ImageObject","@id":"https:\/\/golden-sun.pl\/de\/o-firmie\/#primaryimage","inLanguage":"de","url":"https:\/\/golden-sun.pl\/wp-content\/uploads\/2015\/01\/o-firmie.jpg","contentUrl":"https:\/\/golden-sun.pl\/wp-content\/uploads\/2015\/01\/o-firmie.jpg","width":1100,"height":304},{"@type":"WebPage","@id":"https:\/\/golden-sun.pl\/de\/o-firmie\/#webpage","url":"https:\/\/golden-sun.pl\/de\/o-firmie\/","name":"\u00dcber uns - Golden Sun - Apartments am Meer in Kolberg. Die besten Preise.","isPartOf":{"@id":"https:\/\/golden-sun.pl\/#website"},"primaryImageOfPage":{"@id":"https:\/\/golden-sun.pl\/de\/o-firmie\/#primaryimage"},"datePublished":"2015-01-21T08:23:55+00:00","dateModified":"2016-12-31T06:23:32+00:00","breadcrumb":{"@id":"https:\/\/golden-sun.pl\/de\/o-firmie\/#breadcrumb"},"inLanguage":"de","potentialAction":[{"@type":"ReadAction","target":["https:\/\/golden-sun.pl\/de\/o-firmie\/"]}]},{"@type":"BreadcrumbList","@id":"https:\/\/golden-sun.pl\/de\/o-firmie\/#breadcrumb","itemListElement":[{"@type":"ListItem","position":1,"name":"Strona g\u0142\u00f3wna","item":"https:\/\/golden-sun.pl\/de\/"},{"@type":"ListItem","position":2,"name":"\u00dcber uns"}]}]}},"_links":{"self":[{"href":"https:\/\/golden-sun.pl\/de\/wp-json\/wp\/v2\/pages\/488"}],"collection":[{"href":"https:\/\/golden-sun.pl\/de\/wp-json\/wp\/v2\/pages"}],"about":[{"href":"https:\/\/golden-sun.pl\/de\/wp-json\/wp\/v2\/types\/page"}],"author":[{"embeddable":true,"href":"https:\/\/golden-sun.pl\/de\/wp-json\/wp\/v2\/users\/4"}],"replies":[{"embeddable":true,"href":"https:\/\/golden-sun.pl\/de\/wp-json\/wp\/v2\/comments?post=488"}],"version-history":[{"count":12,"href":"https:\/\/golden-sun.pl\/de\/wp-json\/wp\/v2\/pages\/488\/revisions"}],"predecessor-version":[{"id":962,"href":"https:\/\/golden-sun.pl\/de\/wp-json\/wp\/v2\/pages\/488\/revisions\/962"}],"wp:featuredmedia":[{"embeddable":true,"href":"https:\/\/golden-sun.pl\/de\/wp-json\/wp\/v2\/media\/178"}],"wp:attachment":[{"href":"https:\/\/golden-sun.pl\/de\/wp-json\/wp\/v2\/media?parent=488"}],"curies":[{"name":"wp","href":"https:\/\/api.w.org\/{rel}","templated":true}]}}