{"id":478,"date":"2015-01-21T08:24:18","date_gmt":"2015-01-21T08:24:18","guid":{"rendered":"http:\/\/golden-sun.virtual-people.com.pl\/kontakt-2\/"},"modified":"2017-01-30T10:09:53","modified_gmt":"2017-01-30T10:09:53","slug":"kontakt","status":"publish","type":"page","link":"https:\/\/golden-sun.pl\/en\/kontakt\/","title":{"rendered":"Contact"},"content":{"rendered":"\n<div class=\"col-sm-6\">\n<h3 class=\"tor\">Contact details<\/h3>\n<div class=\"contact-icon\">\n                                <img src=\"\/wp-content\/uploads\/2015\/01\/phone-marker.png\"><\/p>\n<p>\n                                    <strong>GOLDEN SUN<\/strong><br \/>\n                                    str. Pomorska 2\/&#8221;o&#8221;<br \/>\n                                    78-100 Ko\u0142obrzeg\n                                <\/p>\n<\/p><\/div>\n<div class=\"contact-icon contact-phone\">\n                                <img src=\"\/wp-content\/uploads\/2015\/01\/contact-phone.png\"><\/p>\n<p>\n                                   tel. +48 570 680 680\n                                <\/p>\n<\/p><\/div>\n<div class=\"contact-icon\">\n                                <img src=\"\/wp-content\/uploads\/2015\/01\/phone-bank.png\">                     <\/p>\n<p>\n                                    Bank account number:<br \/>\n                                    65 7999 9995 0651 8659 9104 0001\n                                <\/p>\n<\/p><\/div>\n<div class=\"contact-icon contact-clock\">\n                                <img src=\"\/wp-content\/uploads\/2015\/01\/phone-clock.png\"><\/p>\n<p>\n                                    Opening hours:<br \/>\n                                    M-F 08:00 &#8211; 18:00\n                                <\/p>\n<\/p><\/div>\n<\/p><\/div>\n<div class=\"col-sm-6\">\n<h3 class=\"torwd\">Formularz kontaktowy<\/h3>\n<div role=\"form\" class=\"wpcf7\" id=\"wpcf7-f201-o1\" lang=\"pl-PL\" dir=\"ltr\">\n<div class=\"screen-reader-response\"><p role=\"status\" aria-live=\"polite\" aria-atomic=\"true\"><\/p> <ul><\/ul><\/div>\n<form action=\"\/en\/wp-json\/wp\/v2\/pages\/478#wpcf7-f201-o1\" method=\"post\" class=\"wpcf7-form init\" novalidate=\"novalidate\" data-status=\"init\">\n<div style=\"display: none;\">\n<input type=\"hidden\" name=\"_wpcf7\" value=\"201\" \/>\n<input type=\"hidden\" name=\"_wpcf7_version\" value=\"5.5.4\" \/>\n<input type=\"hidden\" name=\"_wpcf7_locale\" value=\"pl_PL\" \/>\n<input type=\"hidden\" name=\"_wpcf7_unit_tag\" value=\"wpcf7-f201-o1\" \/>\n<input type=\"hidden\" name=\"_wpcf7_container_post\" value=\"0\" \/>\n<input type=\"hidden\" name=\"_wpcf7_posted_data_hash\" value=\"\" \/>\n<\/div>\n<div><span class=\"wpcf7-form-control-wrap text-658\"><input type=\"text\" name=\"text-658\" value=\"\" size=\"40\" class=\"wpcf7-form-control wpcf7-text wpcf7-validates-as-required\" aria-required=\"true\" aria-invalid=\"false\" placeholder=\"Imi\u0119 i nazwisko\" \/><\/span><\/div>\n<div><span class=\"wpcf7-form-control-wrap email\"><input type=\"email\" name=\"email\" value=\"\" size=\"40\" class=\"wpcf7-form-control wpcf7-text wpcf7-email wpcf7-validates-as-required wpcf7-validates-as-email\" aria-required=\"true\" aria-invalid=\"false\" placeholder=\"Adres e-mail\" \/><\/span><\/div>\n<div><span class=\"wpcf7-form-control-wrap tel-437\"><input type=\"tel\" name=\"tel-437\" value=\"\" size=\"40\" class=\"wpcf7-form-control wpcf7-text wpcf7-tel wpcf7-validates-as-tel\" aria-invalid=\"false\" placeholder=\"Numer telefonu\" \/><\/span><\/div>\n<div><span class=\"wpcf7-form-control-wrap textarea-789\"><textarea name=\"textarea-789\" cols=\"40\" rows=\"10\" class=\"wpcf7-form-control wpcf7-textarea\" aria-invalid=\"false\" placeholder=\"Tre\u015b\u0107 wiadomo\u015bci\"><\/textarea><\/span><\/div>\n<div><input type=\"submit\" value=\"Wy\u015blij\" class=\"wpcf7-form-control has-spinner wpcf7-submit\" \/><\/div>\n<div class=\"wpcf7-response-output\" aria-hidden=\"true\"><\/div><\/form><\/div><\/div>\n<div class=\"col-sm-12\">\n<hr><\/div>\n<div class=\"col-sm-12\">\n<h3 class=\"tor\">Mapa<\/h3>\n<div class=\"map\">\n<iframe loading=\"lazy\" src=\"https:\/\/www.google.com\/maps\/embed?pb=!1m14!1m8!1m3!1d2334.9744688224073!2d15.566773999999997!3d54.18052799999999!3m2!1i1024!2i768!4f13.1!3m3!1m2!1s0x47001599a58edfa1%3A0x2dfab95bc77712f1!2sPomorska+2%2C+Ko%C5%82obrzeg!5e0!3m2!1spl!2spl!4v1422369146974\" width=\"100%\" height=\"505\" frameborder=\"0\" style=\"border:0\"><\/iframe>\n                            <\/div>\n<\/p><\/div>\n","protected":false},"excerpt":{"rendered":"<p>Contact details GOLDEN SUN str. Pomorska 2\/&#8221;o&#8221; 78-100 Ko\u0142obrzeg tel. +48 570 680 680 Bank account number: 65 7999 9995 0651 8659 9104 0001 Opening hours: M-F 08:00 &#8211; 18:00 Formularz kontaktowy Mapa<\/p>\n","protected":false},"author":4,"featured_media":0,"parent":0,"menu_order":0,"comment_status":"open","ping_status":"open","template":"","meta":[],"acf":[],"yoast_head":"<!-- This site is optimized with the Yoast SEO plugin v18.0 - https:\/\/yoast.com\/wordpress\/plugins\/seo\/ -->\n<title>Contact - Golden Sun - Apartments in Ko\u0142obrzeg. The best prices.<\/title>\n<meta name=\"robots\" content=\"index, follow, max-snippet:-1, max-image-preview:large, max-video-preview:-1\" \/>\n<link rel=\"canonical\" href=\"https:\/\/golden-sun.pl\/en\/kontakt\/\" \/>\n<meta property=\"og:locale\" content=\"en_US\" \/>\n<meta property=\"og:type\" content=\"article\" \/>\n<meta property=\"og:title\" content=\"Contact - Golden Sun - Apartments in Ko\u0142obrzeg. The best prices.\" \/>\n<meta property=\"og:description\" content=\"Contact details GOLDEN SUN str. Pomorska 2\/&#8221;o&#8221; 78-100 Ko\u0142obrzeg tel. +48 570 680 680 Bank account number: 65 7999 9995 0651 8659 9104 0001 Opening hours: M-F 08:00 &#8211; 18:00 Formularz kontaktowy Mapa\" \/>\n<meta property=\"og:url\" content=\"https:\/\/golden-sun.pl\/en\/kontakt\/\" \/>\n<meta property=\"og:site_name\" content=\"Golden Sun - Apartments in Ko\u0142obrzeg. The best prices.\" \/>\n<meta property=\"article:modified_time\" content=\"2017-01-30T10:09:53+00:00\" \/>\n<meta property=\"og:image\" content=\"https:\/\/golden-sun.pl\/wp-content\/uploads\/2015\/01\/phone-marker.png\" \/>\n<script type=\"application\/ld+json\" class=\"yoast-schema-graph\">{\"@context\":\"https:\/\/schema.org\",\"@graph\":[{\"@type\":\"WebSite\",\"@id\":\"https:\/\/golden-sun.pl\/#website\",\"url\":\"https:\/\/golden-sun.pl\/\",\"name\":\"Golden Sun - Apartments in Ko\u0142obrzeg. The best prices.\",\"description\":\"\",\"potentialAction\":[{\"@type\":\"SearchAction\",\"target\":{\"@type\":\"EntryPoint\",\"urlTemplate\":\"https:\/\/golden-sun.pl\/?s={search_term_string}\"},\"query-input\":\"required name=search_term_string\"}],\"inLanguage\":\"en-US\"},{\"@type\":\"ImageObject\",\"@id\":\"https:\/\/golden-sun.pl\/en\/kontakt\/#primaryimage\",\"inLanguage\":\"en-US\",\"url\":\"\/wp-content\/uploads\/2015\/01\/phone-marker.png\",\"contentUrl\":\"\/wp-content\/uploads\/2015\/01\/phone-marker.png\"},{\"@type\":\"WebPage\",\"@id\":\"https:\/\/golden-sun.pl\/en\/kontakt\/#webpage\",\"url\":\"https:\/\/golden-sun.pl\/en\/kontakt\/\",\"name\":\"Contact - Golden Sun - Apartments in Ko\u0142obrzeg. The best prices.\",\"isPartOf\":{\"@id\":\"https:\/\/golden-sun.pl\/#website\"},\"primaryImageOfPage\":{\"@id\":\"https:\/\/golden-sun.pl\/en\/kontakt\/#primaryimage\"},\"datePublished\":\"2015-01-21T08:24:18+00:00\",\"dateModified\":\"2017-01-30T10:09:53+00:00\",\"breadcrumb\":{\"@id\":\"https:\/\/golden-sun.pl\/en\/kontakt\/#breadcrumb\"},\"inLanguage\":\"en-US\",\"potentialAction\":[{\"@type\":\"ReadAction\",\"target\":[\"https:\/\/golden-sun.pl\/en\/kontakt\/\"]}]},{\"@type\":\"BreadcrumbList\",\"@id\":\"https:\/\/golden-sun.pl\/en\/kontakt\/#breadcrumb\",\"itemListElement\":[{\"@type\":\"ListItem\",\"position\":1,\"name\":\"Strona g\u0142\u00f3wna\",\"item\":\"https:\/\/golden-sun.pl\/en\/\"},{\"@type\":\"ListItem\",\"position\":2,\"name\":\"Contact\"}]}]}<\/script>\n<!-- \/ Yoast SEO plugin. -->","yoast_head_json":{"title":"Contact - Golden Sun - Apartments in Ko\u0142obrzeg. The best prices.","robots":{"index":"index","follow":"follow","max-snippet":"max-snippet:-1","max-image-preview":"max-image-preview:large","max-video-preview":"max-video-preview:-1"},"canonical":"https:\/\/golden-sun.pl\/en\/kontakt\/","og_locale":"en_US","og_type":"article","og_title":"Contact - Golden Sun - Apartments in Ko\u0142obrzeg. The best prices.","og_description":"Contact details GOLDEN SUN str. Pomorska 2\/&#8221;o&#8221; 78-100 Ko\u0142obrzeg tel. +48 570 680 680 Bank account number: 65 7999 9995 0651 8659 9104 0001 Opening hours: M-F 08:00 &#8211; 18:00 Formularz kontaktowy Mapa","og_url":"https:\/\/golden-sun.pl\/en\/kontakt\/","og_site_name":"Golden Sun - Apartments in Ko\u0142obrzeg. The best prices.","article_modified_time":"2017-01-30T10:09:53+00:00","og_image":[{"url":"https:\/\/golden-sun.pl\/wp-content\/uploads\/2015\/01\/phone-marker.png"}],"schema":{"@context":"https:\/\/schema.org","@graph":[{"@type":"WebSite","@id":"https:\/\/golden-sun.pl\/#website","url":"https:\/\/golden-sun.pl\/","name":"Golden Sun - Apartments in Ko\u0142obrzeg. The best prices.","description":"","potentialAction":[{"@type":"SearchAction","target":{"@type":"EntryPoint","urlTemplate":"https:\/\/golden-sun.pl\/?s={search_term_string}"},"query-input":"required name=search_term_string"}],"inLanguage":"en-US"},{"@type":"ImageObject","@id":"https:\/\/golden-sun.pl\/en\/kontakt\/#primaryimage","inLanguage":"en-US","url":"\/wp-content\/uploads\/2015\/01\/phone-marker.png","contentUrl":"\/wp-content\/uploads\/2015\/01\/phone-marker.png"},{"@type":"WebPage","@id":"https:\/\/golden-sun.pl\/en\/kontakt\/#webpage","url":"https:\/\/golden-sun.pl\/en\/kontakt\/","name":"Contact - Golden Sun - Apartments in Ko\u0142obrzeg. The best prices.","isPartOf":{"@id":"https:\/\/golden-sun.pl\/#website"},"primaryImageOfPage":{"@id":"https:\/\/golden-sun.pl\/en\/kontakt\/#primaryimage"},"datePublished":"2015-01-21T08:24:18+00:00","dateModified":"2017-01-30T10:09:53+00:00","breadcrumb":{"@id":"https:\/\/golden-sun.pl\/en\/kontakt\/#breadcrumb"},"inLanguage":"en-US","potentialAction":[{"@type":"ReadAction","target":["https:\/\/golden-sun.pl\/en\/kontakt\/"]}]},{"@type":"BreadcrumbList","@id":"https:\/\/golden-sun.pl\/en\/kontakt\/#breadcrumb","itemListElement":[{"@type":"ListItem","position":1,"name":"Strona g\u0142\u00f3wna","item":"https:\/\/golden-sun.pl\/en\/"},{"@type":"ListItem","position":2,"name":"Contact"}]}]}},"_links":{"self":[{"href":"https:\/\/golden-sun.pl\/en\/wp-json\/wp\/v2\/pages\/478"}],"collection":[{"href":"https:\/\/golden-sun.pl\/en\/wp-json\/wp\/v2\/pages"}],"about":[{"href":"https:\/\/golden-sun.pl\/en\/wp-json\/wp\/v2\/types\/page"}],"author":[{"embeddable":true,"href":"https:\/\/golden-sun.pl\/en\/wp-json\/wp\/v2\/users\/4"}],"replies":[{"embeddable":true,"href":"https:\/\/golden-sun.pl\/en\/wp-json\/wp\/v2\/comments?post=478"}],"version-history":[{"count":6,"href":"https:\/\/golden-sun.pl\/en\/wp-json\/wp\/v2\/pages\/478\/revisions"}],"predecessor-version":[{"id":2877,"href":"https:\/\/golden-sun.pl\/en\/wp-json\/wp\/v2\/pages\/478\/revisions\/2877"}],"wp:attachment":[{"href":"https:\/\/golden-sun.pl\/en\/wp-json\/wp\/v2\/media?parent=478"}],"curies":[{"name":"wp","href":"https:\/\/api.w.org\/{rel}","templated":true}]}}