{"id":538,"date":"2015-01-21T08:24:11","date_gmt":"2015-01-21T08:24:11","guid":{"rendered":"http:\/\/golden-sun.virtual-people.com.pl\/regulamin-2\/"},"modified":"2017-01-30T10:21:50","modified_gmt":"2017-01-30T10:21:50","slug":"regulamin","status":"publish","type":"page","link":"https:\/\/golden-sun.pl\/en\/regulamin\/","title":{"rendered":"Rules &#038; Regulations"},"content":{"rendered":"<div class=\"col-sm-12\">\n<h3>Regulamin<\/h3>\n<p>W celu unikni\u0119cia nieporozumie\u0144 oraz zapewnienia Pa\u0144stwu udanego wypoczynku prosimy o zapoznanie si\u0119 z poni\u017cszym regulaminem. Potwierdzenie przyj\u0119cia rezerwacji jest jednoznaczne z zapoznaniem si\u0119 oraz przyj\u0119ciem i zaakceptowaniem regulaminu.<\/p>\n<ol>\n<li>Apartament wynajmowany jest na doby.<\/li>\n<li>Check in is from 14.00 on the arrival day and the check out is at 11.00<\/li>\n<li>The deposit must be paid no later than 3 days after the booking confirmation.<\/li>\n<li>In case of cancellation the deposit is non refundable.<\/li>\n<li>Uwzgl\u0119dnia si\u0119 \u017cyczenia przed\u0142u\u017cenia pobytu w miar\u0119 posiadanych wolnych termin\u00f3w w apartamencie.<\/li>\n<li>At your request an invoice will be issued.<\/li>\n<li>An apartment cannot be shared with third parties. Maximum number of guests must be established during the booking process.<\/li>\n<li>Zabranie ze sob\u0105 zwierz\u0105t domowych, dozwolone jest tylko po uprzednim otrzymaniu zezwolenia od w\u0142a\u015bciciela apartamentu.<\/li>\n<li>There is general smoking ban in the apartments.<\/li>\n<li>Wynaj\u0119ty apartament nale\u017cy pozostawi\u0107 w takim stanie, w jakim by\u0142 w dniu przyjazdu.<\/li>\n<li>Go\u015b\u0107 apartamentu winien uregulowa\u0107 nale\u017cno\u015b\u0107 za pobyt w dniu przyjazdu, w trakcie meldowania. Do czynno\u015bci zameldowania wymagany jest dow\u00f3d osobisty. Je\u017celi dow\u00f3d osobisty budzi w\u0105tpliwo\u015bci osoby wyznaczonej do kontaktu z go\u015bciem, ma ona prawo poprosi\u0107 o drugi dokument potwierdzaj\u0105cy to\u017csamo\u015b\u0107 osoby meldowanej (paszport, prawo jazdy) bez podania przyczyny.<\/li>\n<li>Niedokonanie zap\u0142aty za pobyt z g\u00f3ry uprawnia osob\u0119 wyznaczon\u0105 do kontaktu z go\u015bciem do odmowy zameldowania go\u015bcia i wydania klucza do apartamentu.<\/li>\n<li>Osoba wyznaczona do kontaktu z go\u015bciem zobowi\u0105zana jest pomniejszy\u0107 przyjmowan\u0105 kwot\u0119 o sum\u0119 wp\u0142aconego wcze\u015bniej zadatku. W celu wyja\u015bnienia ewentualnych niejasno\u015bci prosimy o zachowanie i okazanie kopii dokonanej wp\u0142aty.<\/li>\n<li>Niezg\u0142oszenie uwag i zastrze\u017ce\u0144 co do stanu technicznego w momencie wprowadzenia do apartamentu, r\u00f3wnoznaczne jest z tym, \u017ce apartament zosta\u0142 oddany do u\u017cytku w stanie nie budz\u0105cym uwag i zastrze\u017ce\u0144 go\u015bcia.<\/li>\n<li>Obs\u0142uga apartamentu nie ma prawa bez zezwolenia go\u015bcia wchodzi\u0107 do wynaj\u0119tego apartamentu, a tym bardziej przemieszczania czy korzystania z jego osobistych rzeczy. Prawo wej\u015bcia do wynaj\u0119tego obiektu pozostawia si\u0119 jedynie w przypadku zauwa\u017cenia zagro\u017ce\u0144 na kt\u00f3re bezpiecze\u0144stwu go\u015bci lub w przypadku niestosowania si\u0119 go\u015bci do regulaminu apartamentu (po wcze\u015bniejszym ustaleniu z go\u015bciem przebywaj\u0105cym w apartamencie)<\/li>\n<li>Obs\u0142uga apartamentu ma prawo odm\u00f3wi\u0107 udost\u0119pnienia miejsca noclegowego go\u015bciom, kt\u00f3rzy zabrali ze sob\u0105 zwierz\u0119 domowe do obiektu wcze\u015bniej tego nie uzgadniaj\u0105c.<\/li>\n<li>Go\u015b\u0107 apartamentu ponosi pe\u0142n\u0105 odpowiedzialno\u015b\u0107 materialn\u0105 za wszelkiego rodzaju uszkodzenia lub zniszczenia poczynione w wyposa\u017ceniu oraz urz\u0105dzeniach technicznych apartamentu.<\/li>\n<li>Przedmioty pozostawione przez go\u015bcia w apartamencie, po jego opuszczeniu, zostan\u0105 odes\u0142ane na koszt go\u015bcia pod wskazany przez niego adres. W przypadku braku wskazania przez go\u015bcia adresu, na kt\u00f3ry maj\u0105 by\u0107 odes\u0142ane pozostawione przedmioty lub w przypadku braku osobistego odbioru tych rzeczy przez go\u015bcia w ci\u0105gu 3 dni od daty wyjazdu z apartamentu, obs\u0142uga post\u0105pi z rzeczami stosownie do przepis\u00f3w o rzeczach zagubionych lub znalezionych.<\/li>\n<li>Ze wzgl\u0119du na wymagania ochrony przeciwpo\u017carowej w apartamencie nie wolno u\u017cywa\u0107 jakichkolwiek przyrz\u0105d\u00f3w lub aparat\u00f3w zasilanych energi\u0105 elektryczn\u0105 lub gazow\u0105, nieb\u0119d\u0105cych wyposa\u017ceniem tych pomieszcze\u0144 i mog\u0105cych wytworzy\u0107 zagro\u017cenie po\u017carowe np. grza\u0142ek elektrycznych, grzejnik\u00f3w, palnik\u00f3w gazowych. Zabrania si\u0119 wnoszenia do apartamentu \u0142atwopalnych materia\u0142\u00f3w, materia\u0142\u00f3w wybuchowych oraz materia\u0142\u00f3w o nieprzyjemnym zapachu.<\/li>\n<li>Przy ka\u017cdorazowym opuszczeniu apartamentu prosimy o sprawdzenie czy jest on zamkni\u0119ty. Obowi\u0105zuje ca\u0142kowity zakaz wynoszenia nale\u017c\u0105cych do apartamentu rzeczy (np. r\u0119czniki, koce, poduszki, urz\u0105dzenia, itd). Prosimy o dbanie o wynaj\u0119ty apartament, o wy\u0142\u0105czanie zb\u0119dnego o\u015bwietlenia i zakr\u0119canie wody.<\/li>\n<li>Go\u015b\u0107, kt\u00f3ry umy\u015blnie lub przez przypadek zniszczy w\u0142asno\u015b\u0107 apartamentu zobowi\u0105zany jest pokry\u0107 w ca\u0142o\u015bci zaistnia\u0142e koszta. W dniu wyjazdu go\u015b\u0107 jest zobowi\u0105zany udost\u0119pni\u0107 wynajmowany apartament osobie wyznaczonej do obs\u0142ugi w celu skontrolowania stanu miejsca noclegowego. Dopiero w\u00f3wczas go\u015b\u0107 ma prawo opu\u015bci\u0107 apartament. Wszelkie roszczenia w sprawie ewentualnych zniszcze\u0144 zweryfikowanych przy odbiorze apartamentu przez obs\u0142ug\u0119, b\u0119d\u0105 dochodzone na drodze s\u0105dowej.<\/li>\n<li>Wcze\u015bniejszy wyjazd go\u015bcia, z przyczyn niezale\u017cnych od w\u0142a\u015bciciela apartamentu, nie uprawnia go do \u017c\u0105dania zwrotu kwoty za niewykorzystane dni.<\/li>\n<\/ol>\n<p>Rezerwacja apartamentu tylko on-line, wszelkie informacje dost\u0119pne pod adresem e-mail <a href=\"mailto:kontakt@golden-sun.virtual-people.com.pl\">kontakt@golden-sun.virtual-people.com.pl<\/a>\u00a0lub numerem telefonu\u00a0+48 570 680 680<\/p>\n<\/div>\n","protected":false},"excerpt":{"rendered":"<p>Regulamin W celu unikni\u0119cia nieporozumie\u0144 oraz zapewnienia Pa\u0144stwu udanego wypoczynku prosimy o zapoznanie si\u0119 z poni\u017cszym regulaminem. Potwierdzenie przyj\u0119cia rezerwacji jest jednoznaczne z zapoznaniem si\u0119 oraz przyj\u0119ciem i zaakceptowaniem regulaminu. Apartament wynajmowany jest na doby. Check in is from 14.00 on the arrival day and the check out is at 11.00 The deposit must be [&hellip;]<\/p>\n","protected":false},"author":4,"featured_media":209,"parent":0,"menu_order":0,"comment_status":"open","ping_status":"open","template":"","meta":[],"acf":[],"yoast_head":"<!-- This site is optimized with the Yoast SEO plugin v18.0 - https:\/\/yoast.com\/wordpress\/plugins\/seo\/ -->\n<title>Rules &amp; Regulations - Golden Sun - Apartments in Ko\u0142obrzeg. The best prices.<\/title>\n<meta name=\"robots\" content=\"index, follow, max-snippet:-1, max-image-preview:large, max-video-preview:-1\" \/>\n<link rel=\"canonical\" href=\"https:\/\/golden-sun.pl\/en\/regulamin\/\" \/>\n<meta property=\"og:locale\" content=\"en_US\" \/>\n<meta property=\"og:type\" content=\"article\" \/>\n<meta property=\"og:title\" content=\"Rules &amp; Regulations - Golden Sun - Apartments in Ko\u0142obrzeg. The best prices.\" \/>\n<meta property=\"og:description\" content=\"Regulamin W celu unikni\u0119cia nieporozumie\u0144 oraz zapewnienia Pa\u0144stwu udanego wypoczynku prosimy o zapoznanie si\u0119 z poni\u017cszym regulaminem. Potwierdzenie przyj\u0119cia rezerwacji jest jednoznaczne z zapoznaniem si\u0119 oraz przyj\u0119ciem i zaakceptowaniem regulaminu. Apartament wynajmowany jest na doby. Check in is from 14.00 on the arrival day and the check out is at 11.00 The deposit must be [&hellip;]\" \/>\n<meta property=\"og:url\" content=\"https:\/\/golden-sun.pl\/en\/regulamin\/\" \/>\n<meta property=\"og:site_name\" content=\"Golden Sun - Apartments in Ko\u0142obrzeg. The best prices.\" \/>\n<meta property=\"article:modified_time\" content=\"2017-01-30T10:21:50+00:00\" \/>\n<meta property=\"og:image\" content=\"https:\/\/golden-sun.pl\/wp-content\/uploads\/2015\/01\/regulamin.jpg\" \/>\n\t<meta property=\"og:image:width\" content=\"1100\" \/>\n\t<meta property=\"og:image:height\" content=\"304\" \/>\n\t<meta property=\"og:image:type\" content=\"image\/jpeg\" \/>\n<meta name=\"twitter:label1\" content=\"Est. reading time\" \/>\n\t<meta name=\"twitter:data1\" content=\"4 minutes\" \/>\n<script type=\"application\/ld+json\" class=\"yoast-schema-graph\">{\"@context\":\"https:\/\/schema.org\",\"@graph\":[{\"@type\":\"WebSite\",\"@id\":\"https:\/\/golden-sun.pl\/#website\",\"url\":\"https:\/\/golden-sun.pl\/\",\"name\":\"Golden Sun - Apartments in Ko\u0142obrzeg. The best prices.\",\"description\":\"\",\"potentialAction\":[{\"@type\":\"SearchAction\",\"target\":{\"@type\":\"EntryPoint\",\"urlTemplate\":\"https:\/\/golden-sun.pl\/?s={search_term_string}\"},\"query-input\":\"required name=search_term_string\"}],\"inLanguage\":\"en-US\"},{\"@type\":\"ImageObject\",\"@id\":\"https:\/\/golden-sun.pl\/en\/regulamin\/#primaryimage\",\"inLanguage\":\"en-US\",\"url\":\"https:\/\/golden-sun.pl\/wp-content\/uploads\/2015\/01\/regulamin.jpg\",\"contentUrl\":\"https:\/\/golden-sun.pl\/wp-content\/uploads\/2015\/01\/regulamin.jpg\",\"width\":1100,\"height\":304},{\"@type\":\"WebPage\",\"@id\":\"https:\/\/golden-sun.pl\/en\/regulamin\/#webpage\",\"url\":\"https:\/\/golden-sun.pl\/en\/regulamin\/\",\"name\":\"Rules & Regulations - Golden Sun - Apartments in Ko\u0142obrzeg. The best prices.\",\"isPartOf\":{\"@id\":\"https:\/\/golden-sun.pl\/#website\"},\"primaryImageOfPage\":{\"@id\":\"https:\/\/golden-sun.pl\/en\/regulamin\/#primaryimage\"},\"datePublished\":\"2015-01-21T08:24:11+00:00\",\"dateModified\":\"2017-01-30T10:21:50+00:00\",\"breadcrumb\":{\"@id\":\"https:\/\/golden-sun.pl\/en\/regulamin\/#breadcrumb\"},\"inLanguage\":\"en-US\",\"potentialAction\":[{\"@type\":\"ReadAction\",\"target\":[\"https:\/\/golden-sun.pl\/en\/regulamin\/\"]}]},{\"@type\":\"BreadcrumbList\",\"@id\":\"https:\/\/golden-sun.pl\/en\/regulamin\/#breadcrumb\",\"itemListElement\":[{\"@type\":\"ListItem\",\"position\":1,\"name\":\"Strona g\u0142\u00f3wna\",\"item\":\"https:\/\/golden-sun.pl\/en\/\"},{\"@type\":\"ListItem\",\"position\":2,\"name\":\"Rules &#038; Regulations\"}]}]}<\/script>\n<!-- \/ Yoast SEO plugin. -->","yoast_head_json":{"title":"Rules & Regulations - Golden Sun - Apartments in Ko\u0142obrzeg. The best prices.","robots":{"index":"index","follow":"follow","max-snippet":"max-snippet:-1","max-image-preview":"max-image-preview:large","max-video-preview":"max-video-preview:-1"},"canonical":"https:\/\/golden-sun.pl\/en\/regulamin\/","og_locale":"en_US","og_type":"article","og_title":"Rules & Regulations - Golden Sun - Apartments in Ko\u0142obrzeg. The best prices.","og_description":"Regulamin W celu unikni\u0119cia nieporozumie\u0144 oraz zapewnienia Pa\u0144stwu udanego wypoczynku prosimy o zapoznanie si\u0119 z poni\u017cszym regulaminem. Potwierdzenie przyj\u0119cia rezerwacji jest jednoznaczne z zapoznaniem si\u0119 oraz przyj\u0119ciem i zaakceptowaniem regulaminu. Apartament wynajmowany jest na doby. Check in is from 14.00 on the arrival day and the check out is at 11.00 The deposit must be [&hellip;]","og_url":"https:\/\/golden-sun.pl\/en\/regulamin\/","og_site_name":"Golden Sun - Apartments in Ko\u0142obrzeg. The best prices.","article_modified_time":"2017-01-30T10:21:50+00:00","og_image":[{"width":1100,"height":304,"url":"https:\/\/golden-sun.pl\/wp-content\/uploads\/2015\/01\/regulamin.jpg","type":"image\/jpeg"}],"twitter_misc":{"Est. reading time":"4 minutes"},"schema":{"@context":"https:\/\/schema.org","@graph":[{"@type":"WebSite","@id":"https:\/\/golden-sun.pl\/#website","url":"https:\/\/golden-sun.pl\/","name":"Golden Sun - Apartments in Ko\u0142obrzeg. The best prices.","description":"","potentialAction":[{"@type":"SearchAction","target":{"@type":"EntryPoint","urlTemplate":"https:\/\/golden-sun.pl\/?s={search_term_string}"},"query-input":"required name=search_term_string"}],"inLanguage":"en-US"},{"@type":"ImageObject","@id":"https:\/\/golden-sun.pl\/en\/regulamin\/#primaryimage","inLanguage":"en-US","url":"https:\/\/golden-sun.pl\/wp-content\/uploads\/2015\/01\/regulamin.jpg","contentUrl":"https:\/\/golden-sun.pl\/wp-content\/uploads\/2015\/01\/regulamin.jpg","width":1100,"height":304},{"@type":"WebPage","@id":"https:\/\/golden-sun.pl\/en\/regulamin\/#webpage","url":"https:\/\/golden-sun.pl\/en\/regulamin\/","name":"Rules & Regulations - Golden Sun - Apartments in Ko\u0142obrzeg. The best prices.","isPartOf":{"@id":"https:\/\/golden-sun.pl\/#website"},"primaryImageOfPage":{"@id":"https:\/\/golden-sun.pl\/en\/regulamin\/#primaryimage"},"datePublished":"2015-01-21T08:24:11+00:00","dateModified":"2017-01-30T10:21:50+00:00","breadcrumb":{"@id":"https:\/\/golden-sun.pl\/en\/regulamin\/#breadcrumb"},"inLanguage":"en-US","potentialAction":[{"@type":"ReadAction","target":["https:\/\/golden-sun.pl\/en\/regulamin\/"]}]},{"@type":"BreadcrumbList","@id":"https:\/\/golden-sun.pl\/en\/regulamin\/#breadcrumb","itemListElement":[{"@type":"ListItem","position":1,"name":"Strona g\u0142\u00f3wna","item":"https:\/\/golden-sun.pl\/en\/"},{"@type":"ListItem","position":2,"name":"Rules &#038; Regulations"}]}]}},"_links":{"self":[{"href":"https:\/\/golden-sun.pl\/en\/wp-json\/wp\/v2\/pages\/538"}],"collection":[{"href":"https:\/\/golden-sun.pl\/en\/wp-json\/wp\/v2\/pages"}],"about":[{"href":"https:\/\/golden-sun.pl\/en\/wp-json\/wp\/v2\/types\/page"}],"author":[{"embeddable":true,"href":"https:\/\/golden-sun.pl\/en\/wp-json\/wp\/v2\/users\/4"}],"replies":[{"embeddable":true,"href":"https:\/\/golden-sun.pl\/en\/wp-json\/wp\/v2\/comments?post=538"}],"version-history":[{"count":4,"href":"https:\/\/golden-sun.pl\/en\/wp-json\/wp\/v2\/pages\/538\/revisions"}],"predecessor-version":[{"id":619,"href":"https:\/\/golden-sun.pl\/en\/wp-json\/wp\/v2\/pages\/538\/revisions\/619"}],"wp:featuredmedia":[{"embeddable":true,"href":"https:\/\/golden-sun.pl\/en\/wp-json\/wp\/v2\/media\/209"}],"wp:attachment":[{"href":"https:\/\/golden-sun.pl\/en\/wp-json\/wp\/v2\/media?parent=538"}],"curies":[{"name":"wp","href":"https:\/\/api.w.org\/{rel}","templated":true}]}}